{"id":3478,"date":"2019-04-23T10:31:55","date_gmt":"2019-04-23T10:31:55","guid":{"rendered":"http:\/\/keenitsolutions.com\/products\/wordpress\/batiment\/?page_id=3478"},"modified":"2019-07-01T09:14:44","modified_gmt":"2019-07-01T07:14:44","slug":"architecture-onepage","status":"publish","type":"page","link":"https:\/\/megaokna.pl\/","title":{"rendered":"Strona g\u0142\u00f3wna"},"content":{"rendered":"<p>[vc_row gap=&#8221;20&#8243; css=&#8221;.vc_custom_1528569639754{padding-top: 90px !important;padding-bottom: 80px !important;}&#8221; el_id=&#8221;rs-about&#8221; el_class=&#8221;rs-about3&#8243;][vc_column width=&#8221;1\/2&#8243; el_class=&#8221;about_arch&#8221;]\r\n        <div class=\"rs-heading  border-style \">\r\n        \t<div class=\"title-inner\">\r\n\t            \r\n\t            <h2>O firmie<\/h2>\r\n\t        <\/div><\/div>[vc_column_text]Zapewnimy Pa\u0144stwu profesjonalne doradztwo poparte blisko 20 letnim do\u015bwiadczeniem zdobytym w bran\u017cy. Dostarczmy stolark\u0119 PVC wiod\u0105cych producent\u00f3w system\u00f3w okiennych w Europie \u2013 VEKA, Brugmann, Aluprof. Nasze do\u015bwiadczenie u\u0142atwi Pa\u0144stwu wybranie okien godz\u0105cych ze sob\u0105 JAKO\u015a\u0106, ESTETYK\u0118, FUNKCJONALNO\u015a\u0106 i CEN\u0118.<\/p>\n<p>Przed naszymi dostawcami stawiamy najwy\u017csze wymagania. Profile posiadaj\u0105 wszelkie konieczne Certyfikaty, Aprobaty Techniczne i Atesty pozwalaj\u0105c nam zaoferowa\u0107 Pa\u0144stwu wyroby zapewniaj\u0105ce nie tylko bezpiecze\u0144stwo ale tak\u017ce estetyk\u0119 i wielorako\u015b\u0107 rozwi\u0105za\u0144 technicznych.[\/vc_column_text][\/vc_column][vc_column width=&#8221;1\/2&#8243;][vc_single_image image=&#8221;3601&#8243; img_size=&#8221;full&#8221;][\/vc_column][\/vc_row][vc_row full_width=&#8221;stretch_row&#8221; css=&#8221;.vc_custom_1528568659650{padding-top: 55px !important;padding-bottom: 100px !important;background-color: #f5f5f5 !important;background-position: center !important;background-repeat: no-repeat !important;background-size: cover !important;}&#8221; el_id=&#8221;rs-services&#8221; el_class=&#8221;our-services service3&#8243;][vc_column]\r\n        <div class=\"rs-heading  vc_custom_1560451861001 border-style center\">\r\n        \t<div class=\"title-inner\">\r\n\t            \r\n\t            <h2>Nasza Oferta<\/h2>\r\n\t        <\/div><\/div>[vc_row_inner][vc_column_inner width=&#8221;1\/2&#8243;][vc_single_image image=&#8221;3692&#8243; img_size=&#8221;full&#8221;][\/vc_column_inner][vc_column_inner width=&#8221;1\/2&#8243;][vc_column_text]<\/p>\n<h3><span style=\"color: #e88e2e;\">OKNA I DRZWI PVC<\/span><\/h3>\n<p>Posiadamy w ofercie okna i drzwi wiod\u0105cych \u015bwiatowych producent\u00f3w profili PVC. Dzi\u0119ki doskona\u0142ym parametrom termicznym i izolacyjnym z powodzeniem sprawdzaj\u0105 si\u0119 w budynkach energooszcz\u0119dnych jak i pasywnych. Innowacyjno\u015b\u0107 technologiczna naszych dostawc\u00f3w jak stale poszerzana paleta kolor\u00f3w , faktur i pow\u0142ok dekoracyjnych z pewno\u015bci\u0105 u\u0142atwi\u0105 Ci wyb\u00f3r TWOICH wymarzonych okien.[\/vc_column_text][\/vc_column_inner][\/vc_row_inner][vc_row_inner el_class=&#8221;architect-service&#8221;][vc_column_inner width=&#8221;1\/2&#8243; css=&#8221;.vc_custom_1526284455032{padding-top: 30px !important;padding-right: 30px !important;padding-bottom: 0px !important;padding-left: 30px !important;background-color: #e1e1e1 !important;}&#8221;]<div class=\"rs-services\"><div class=\"service-inner services-style-4 center  \">\n\t\t<div class=\"services-wrap\"> \n         <div class=\"services-item\">\n            <div class=\"services-icon\">\n                <a href=\"#\" title=\"\"><img decoding=\"async\" src=\"https:\/\/megaokna.pl\/wp-content\/uploads\/2019\/06\/ikona_brama.png\" alt=\"Segmentowe bramy gara\u017cowe\" \/><\/a>\n             <\/div>\n        \n\t\t<div class=\"services-desc\">\n\t\t\t<h3 class=\"services-title services-title2\"><a href=\"#\" title=\"\">Segmentowe bramy gara\u017cowe<\/a><\/h3>\n\t\t\t<p><\/p>\n<p class=\"western\">\u0142\u0105cz\u0105 ze sob\u0105 nowoczesny styl oraz \u0142atwo\u015b\u0107 u\u017cytkowania. Brama segmentowa polecana jest nie tylko do budynk\u00f3w nowo powstaj\u0105cych, jest ona tak\u017ce doskona\u0142a propozycj\u0105 dla os\u00f3b remontuj\u0105cych obiekty gara\u017cowe. W por\u00f3wnaniu z bram\u0105 uchyln\u0105 lub rozwiern\u0105, brama segmentowa zapewnia optymalne wykorzystanie miejsca w ka\u017cdym gara\u017cu.<\/p>\n<p><\/p>\n\t\t\t\n\t\t<\/div>\t\t\n\t\t<\/div>\t\n\t<\/div>\n\t<\/div><\/div>[\/vc_column_inner][vc_column_inner width=&#8221;1\/2&#8243; css=&#8221;.vc_custom_1526284459462{padding-top: 30px !important;padding-right: 30px !important;padding-bottom: 0px !important;padding-left: 30px !important;background-color: #e7e7e7 !important;}&#8221;]<div class=\"rs-services\"><div class=\"service-inner services-style-4 center  \">\n\t\t<div class=\"services-wrap\"> \n         <div class=\"services-item\">\n            <div class=\"services-icon\">\n                <a href=\"#\" title=\"\"><img decoding=\"async\" src=\"https:\/\/megaokna.pl\/wp-content\/uploads\/2019\/06\/ikona_rolety.png\" alt=\"Rolety zewn\u0119trzne\" \/><\/a>\n             <\/div>\n        \n\t\t<div class=\"services-desc\">\n\t\t\t<h3 class=\"services-title services-title2\"><a href=\"#\" title=\"\">Rolety zewn\u0119trzne<\/a><\/h3>\n\t\t\t<p>Dost\u0119pne systemy rolet zewn\u0119trznych :<br \/>\nRolety elewacyjne<br \/>\nRolety podtynkowe<br \/>\nRolety nadstawne<\/p>\n\t\t\t\n\t\t<\/div>\t\t\n\t\t<\/div>\t\n\t<\/div>\n\t<\/div><\/div>[\/vc_column_inner][\/vc_row_inner][vc_row_inner el_class=&#8221;architect-service&#8221;][vc_column_inner width=&#8221;1\/2&#8243; css=&#8221;.vc_custom_1526284485432{padding-top: 30px !important;padding-right: 30px !important;padding-bottom: 0px !important;padding-left: 30px !important;background-color: #e7e7e7 !important;}&#8221;]<div class=\"rs-services\"><div class=\"service-inner services-style-4 center  \">\n\t\t<div class=\"services-wrap\"> \n         <div class=\"services-item\">\n            <div class=\"services-icon\">\n                <a href=\"#\" title=\"\"><img decoding=\"async\" src=\"https:\/\/megaokna.pl\/wp-content\/uploads\/2019\/06\/ikona_parapet.png\" alt=\"Parapety\" \/><\/a>\n             <\/div>\n        \n\t\t<div class=\"services-desc\">\n\t\t\t<h3 class=\"services-title services-title2\"><a href=\"#\" title=\"\">Parapety<\/a><\/h3>\n\t\t\t<p><strong>\u2022 Parapety wewn\u0119trzne<\/strong><br \/>\nParapety HDF Wilgocioodporne<br \/>\nParapety drewniane<br \/>\nParapety z konglomeratu<br \/>\nParapety PVC komorowe Deceuninck<br \/>\nNak\u0142adki renowacyjne PVC na stary parapet<\/p>\n<p>&nbsp;<\/p>\n<p><strong>\u2022 Parapety zewn\u0119trzne<\/strong><br \/>\nParapety aluminiowe ( g\u0142adkie lub imituj\u0105ce p\u0142ytk\u0119 )<br \/>\nParapety granitowe<br \/>\nParapety stalowe \u2013 (powlekane pod kolor okien)<br \/>\nParapety aluminiowe<\/p>\n\t\t\t\n\t\t<\/div>\t\t\n\t\t<\/div>\t\n\t<\/div>\n\t<\/div><\/div>[\/vc_column_inner][vc_column_inner width=&#8221;1\/2&#8243;]<div class=\"rs-services\"><div class=\"service-inner services-style-4 center  \">\n\t\t<div class=\"services-wrap\"> \n         <div class=\"services-item\">\n            <div class=\"services-icon\">\n                <a href=\"#\" title=\"\"><img decoding=\"async\" src=\"https:\/\/megaokna.pl\/wp-content\/uploads\/2019\/06\/ikona_oslony.png\" alt=\"Os\u0142ony przeciws\u0142oneczne\" \/><\/a>\n             <\/div>\n        \n\t\t<div class=\"services-desc\">\n\t\t\t<h3 class=\"services-title services-title2\"><a href=\"#\" title=\"\">Os\u0142ony przeciws\u0142oneczne<\/a><\/h3>\n\t\t\t<p>\u2022 Rolety materia\u0142owe<br \/>\n\u2022 Rolety zewn\u0119trzne<br \/>\n\u2022 \u017baluzje poziome<br \/>\n\u2022 \u017baluzje pionowe<br \/>\n\u2022 Moskitiery<br \/>\n\u2022 Plisy<br \/>\n\u2022 Panel Track<br \/>\n\u2022 Rolety rzymskie<br \/>\n\u2022 Markizy<br \/>\n\u2022 \u017baluzje poziome elewacyjne<\/p>\n\t\t\t\n\t\t<\/div>\t\t\n\t\t<\/div>\t\n\t<\/div>\n\t<\/div><\/div>[\/vc_column_inner][\/vc_row_inner][\/vc_column][\/vc_row][vc_row full_width=&#8221;stretch_row_content_no_spaces&#8221; css=&#8221;.vc_custom_1560456360700{background-position: center !important;background-repeat: no-repeat !important;background-size: cover !important;}&#8221; el_id=&#8221;rs-counter&#8221;][vc_column][vc_single_image image=&#8221;3590&#8243; img_size=&#8221;full&#8221; alignment=&#8221;center&#8221;][\/vc_column][\/vc_row][vc_row full_width=&#8221;stretch_row&#8221; css=&#8221;.vc_custom_1529490594420{padding-top: 55px !important;padding-bottom: 70px !important;background-color: #f0f0f0 !important;}&#8221; el_id=&#8221;rs-projects&#8221; el_class=&#8221;project-clean&#8221;][vc_column]\r\n        <div class=\"rs-heading  vc_custom_1560457796605 border-style center\">\r\n        \t<div class=\"title-inner\">\r\n\t            \r\n\t            <h2>Przyk\u0142adowe Realizacje<\/h2>\r\n\t        <\/div><\/div>[vc_row_inner][vc_column_inner width=&#8221;1\/2&#8243;][vc_single_image image=&#8221;3596&#8243; img_size=&#8221;full&#8221;][\/vc_column_inner][vc_column_inner width=&#8221;1\/2&#8243;][vc_single_image image=&#8221;3597&#8243; img_size=&#8221;full&#8221;][\/vc_column_inner][\/vc_row_inner][vc_row_inner][vc_column_inner width=&#8221;1\/2&#8243;][vc_single_image image=&#8221;3598&#8243; img_size=&#8221;full&#8221;][\/vc_column_inner][vc_column_inner width=&#8221;1\/2&#8243;][vc_single_image image=&#8221;3599&#8243; img_size=&#8221;full&#8221;][\/vc_column_inner][\/vc_row_inner][\/vc_column][\/vc_row][vc_row full_width=&#8221;stretch_row&#8221; content_placement=&#8221;middle&#8221; el_id=&#8221;cleaning-sec&#8221; css=&#8221;.vc_custom_1526625549545{padding-top: 60px !important;background-color: #f0f0f0 !important;}&#8221;][vc_column][vc_row_inner content_placement=&#8221;middle&#8221;][vc_column_inner el_class=&#8221;call2-img&#8221; width=&#8221;5\/12&#8243;][vc_single_image image=&#8221;1342&#8243; img_size=&#8221;full&#8221;][\/vc_column_inner][vc_column_inner el_class=&#8221;call2-text&#8221; width=&#8221;7\/12&#8243; css=&#8221;.vc_custom_1526979250295{padding-bottom: 44px !important;}&#8221;][vc_column_text]<\/p>\n<h2>Zapraszamy do kontaktu z nami<\/h2>\n<p>Wysoka jako\u015b\u0107 oferowanych produkt\u00f3w i us\u0142ug oraz przyjazne, partnerskie kontakty z naszymi Klientami to g\u0142\u00f3wne za\u0142o\u017cenia firmy megaOKNA. W ekspansji rynku kluczow\u0105 rol\u0119 odgrywaj\u0105 wykwalifikowani pracownicy, kt\u00f3rzy w ka\u017cdym z naszych biur handlowych udzielaj\u0105 Klientom wszelkich koniecznych informacji, s\u0142u\u017c\u0105c jednocze\u015bnie fachowym doradztwem technicznym. Priorytetem naszej firmy jest zapewnienie odbiorcom rzetelnej i kompleksowej obs\u0142ugi, a zadowolenie klienta to nasz g\u0142\u00f3wny cel.<\/p>\n<p>Mamy nadziej\u0119, \u017ce nasza wsp\u00f3\u0142praca z Klientami uczy nas odgadywa\u0107 ich wci\u0105\u017c nowe i rosn\u0105ce potrzeby, a to zach\u0119ci Pa\u0144stwa do odwiedzenia naszego salonu firmowego. [\/vc_column_text][\/vc_column_inner][\/vc_row_inner][\/vc_column][\/vc_row][vc_row full_width=&#8221;stretch_row&#8221; css=&#8221;.vc_custom_1526108507791{padding-top: 0px !important;padding-bottom: 0px !important;background-color: #fbc02d !important;}&#8221; el_id=&#8221;cleaning-sec-contact&#8221;][vc_column css=&#8221;.vc_custom_1526105721477{padding-top: 0px !important;padding-bottom: 0px !important;}&#8221;][vc_row_inner][vc_column_inner width=&#8221;1\/2&#8243;]\n\t\t<div class=\"rs-services1 left\">\n\t\t<div class=\"services-wrap  \"> \n         <div class=\"services-item\">\n            <div class=\"services-icon\">\n                <i class=\"fa fa-envelope-o\"><\/i>\n             <\/div>\n        \n\t\t\t<div class=\"services-desc\">\n\t\t\t\t<h3 class=\"services-title services-title2\"><a >E-mail<\/a><\/h3>\n\t\t\t\t<p><a href=\"mailto:biuro@megaokna.pl\">biuro@megaokna.pl<\/a><\/p>\n\t\t\t\t\n\t\t\t\t<\/div>\n\t\t\t<\/div>\t\n\t\t<\/div><\/div>\n\t[\/vc_column_inner][vc_column_inner width=&#8221;1\/2&#8243;]\n\t\t<div class=\"rs-services1 left\">\n\t\t<div class=\"services-wrap  \"> \n         <div class=\"services-item\">\n            <div class=\"services-icon\">\n                <i class=\"fa fa-volume-control-phone\"><\/i>\n             <\/div>\n        \n\t\t\t<div class=\"services-desc\">\n\t\t\t\t<h3 class=\"services-title services-title2\"><a >Telefon<\/a><\/h3>\n\t\t\t\t<p>(+48) 32 733 31 18<\/p>\n\t\t\t\t\n\t\t\t\t<\/div>\n\t\t\t<\/div>\t\n\t\t<\/div><\/div>\n\t[\/vc_column_inner][\/vc_row_inner][\/vc_column][\/vc_row][vc_row css=&#8221;.vc_custom_1556015539819{padding-top: 28px !important;padding-bottom: 25px !important;}&#8221; el_id=&#8221;rs-contact&#8221;][vc_column]\r\n        <div class=\"rs-heading  vc_custom_1560452448954 border-style center\">\r\n        \t<div class=\"title-inner\">\r\n\t            \r\n\t            <h2>Kontakt<\/h2>\r\n\t        <\/div><\/div>[\/vc_column][vc_column width=&#8221;1\/2&#8243;][vc_gmaps link=&#8221;#E-8_JTNDaWZyYW1lJTIwc3JjJTNEJTIyaHR0cHMlM0ElMkYlMkZ3d3cuZ29vZ2xlLmNvbSUyRm1hcHMlMkZlbWJlZCUzRnBiJTNEJTIxMW0xOCUyMTFtMTIlMjExbTMlMjExZDI1NTkuNDYwNTg0MjI0MjY4NiUyMTJkMTguNTQyNDMzMzE1OTM0NzklMjEzZDUwLjA5NjM4NTQyMDY5MzkzNSUyMTJtMyUyMTFmMCUyMTJmMCUyMTNmMCUyMTNtMiUyMTFpMTAyNCUyMTJpNzY4JTIxNGYxMy4xJTIxM20zJTIxMW0yJTIxMXMweDQ3MTE0ZWQ2MzkzMGJkNjMlMjUzQTB4OThlYWRkZjMyODQ0NjhjNCUyMTJzTWVnYW9rbmElMkJzLmMuJTJCS2FuaWElMkJBLiUyNTJDJTJCUm9tYW5payUyQlMuJTIxNWUwJTIxM20yJTIxMXNwbCUyMTJzcGwlMjE0djE1NjA0NTM4NjkxNzYlMjE1bTIlMjExc3BsJTIxMnNwbCUyMiUyMHdpZHRoJTNEJTIyNjAwJTIyJTIwaGVpZ2h0JTNEJTIyNDUwJTIyJTIwZnJhbWVib3JkZXIlM0QlMjIwJTIyJTIwc3R5bGUlM0QlMjJib3JkZXIlM0EwJTIyJTIwYWxsb3dmdWxsc2NyZWVuJTNFJTNDJTJGaWZyYW1lJTNF&#8221;][\/vc_column][vc_column width=&#8221;1\/2&#8243;]\n<div class=\"wpcf7 no-js\" id=\"wpcf7-f3532-o1\" lang=\"en-US\" dir=\"ltr\" data-wpcf7-id=\"3532\">\n<div class=\"screen-reader-response\"><p role=\"status\" aria-live=\"polite\" aria-atomic=\"true\"><\/p> <ul><\/ul><\/div>\n<form action=\"\/index.php?rest_route=%2Fwp%2Fv2%2Fpages%2F3478#wpcf7-f3532-o1\" method=\"post\" class=\"wpcf7-form init\" aria-label=\"Contact form\" novalidate=\"novalidate\" data-status=\"init\">\n<fieldset class=\"hidden-fields-container\"><input type=\"hidden\" name=\"_wpcf7\" value=\"3532\" \/><input type=\"hidden\" name=\"_wpcf7_version\" value=\"6.1.3\" \/><input type=\"hidden\" name=\"_wpcf7_locale\" value=\"en_US\" \/><input type=\"hidden\" name=\"_wpcf7_unit_tag\" value=\"wpcf7-f3532-o1\" \/><input type=\"hidden\" name=\"_wpcf7_container_post\" value=\"0\" \/><input type=\"hidden\" name=\"_wpcf7_posted_data_hash\" value=\"\" \/><input type=\"hidden\" name=\"_wpcf7_recaptcha_response\" value=\"\" \/>\n<\/fieldset>\n<div class=\"form-row contact-form-area\">\n\t<div class=\"col-sm-6 first-col\">\n\t\t<p><span class=\"wpcf7-form-control-wrap\" data-name=\"your-name\"><input size=\"40\" maxlength=\"400\" class=\"wpcf7-form-control wpcf7-text wpcf7-validates-as-required\" aria-required=\"true\" aria-invalid=\"false\" placeholder=\"Imi\u0119 i Nazwisko*\" value=\"\" type=\"text\" name=\"your-name\" \/><\/span>\n\t\t<\/p>\n\t<\/div>\n\t<div class=\"col-sm-6 last-col\">\n\t\t<p><span class=\"wpcf7-form-control-wrap\" data-name=\"your-email\"><input size=\"40\" maxlength=\"400\" class=\"wpcf7-form-control wpcf7-email wpcf7-validates-as-required wpcf7-text wpcf7-validates-as-email\" aria-required=\"true\" aria-invalid=\"false\" placeholder=\"E-Mail*\" value=\"\" type=\"email\" name=\"your-email\" \/><\/span>\n\t\t<\/p>\n\t<\/div>\n\t<div class=\"col-sm-6\">\n\t\t<p><span class=\"wpcf7-form-control-wrap\" data-name=\"your-phone\"><input size=\"40\" maxlength=\"400\" class=\"wpcf7-form-control wpcf7-text\" aria-invalid=\"false\" placeholder=\"Telefon\" value=\"\" type=\"text\" name=\"your-phone\" \/><\/span>\n\t\t<\/p>\n\t<\/div>\n\t<div class=\"col-sm-6\">\n\t\t<p><span class=\"wpcf7-form-control-wrap\" data-name=\"your-website\"><input size=\"40\" maxlength=\"400\" class=\"wpcf7-form-control wpcf7-text\" aria-invalid=\"false\" placeholder=\"NIP\" value=\"\" type=\"text\" name=\"your-website\" \/><\/span>\n\t\t<\/p>\n\t<\/div>\n\t<div class=\"col-sm-12\">\n\t\t<p><span class=\"wpcf7-form-control-wrap\" data-name=\"your-message\"><textarea cols=\"40\" rows=\"10\" maxlength=\"2000\" class=\"wpcf7-form-control wpcf7-textarea\" aria-invalid=\"false\" placeholder=\"Wiadomo\u015b\u0107*\" name=\"your-message\"><\/textarea><\/span>\n\t\t<\/p>\n\t<\/div>\n\t<div class=\"col-sm-12\">\n\t\t<div class=\"submit-center\">\n\t\t<span class=\"wpcf7-form-control-wrap recaptcha\" data-name=\"recaptcha\"><span data-sitekey=\"6LfGmdUUAAAAAPmNMzPUhgLys1vebaI5vSSvxVbA\" class=\"wpcf7-form-control wpcf7-recaptcha g-recaptcha\"><\/span>\r\n<noscript>\r\n\t<div class=\"grecaptcha-noscript\">\r\n\t\t<iframe loading=\"lazy\" src=\"https:\/\/www.google.com\/recaptcha\/api\/fallback?k=6LfGmdUUAAAAAPmNMzPUhgLys1vebaI5vSSvxVbA\" frameborder=\"0\" scrolling=\"no\" width=\"310\" height=\"430\">\r\n\t\t<\/iframe>\r\n\t\t<textarea name=\"g-recaptcha-response\" rows=\"3\" cols=\"40\" placeholder=\"reCaptcha Response Here\">\r\n\t\t<\/textarea>\r\n\t<\/div>\r\n<\/noscript>\r\n<\/span>\n\t\t<\/div>\n\t<\/div>\n\t<div class=\"col-sm-12\">\n\t\t<div class=\"submit-center\">\n\t\t\t<p><input class=\"wpcf7-form-control wpcf7-submit has-spinner\" type=\"submit\" value=\"Wy\u015blij\" \/>\n\t\t\t<\/p>\n\t\t<\/div>\n\t<\/div>\n<\/div><p style=\"display: none !important;\" class=\"akismet-fields-container\" data-prefix=\"_wpcf7_ak_\"><label>&#916;<textarea name=\"_wpcf7_ak_hp_textarea\" cols=\"45\" rows=\"8\" maxlength=\"100\"><\/textarea><\/label><input type=\"hidden\" id=\"ak_js_1\" name=\"_wpcf7_ak_js\" value=\"213\"\/><script>document.getElementById( \"ak_js_1\" ).setAttribute( \"value\", ( new Date() ).getTime() );<\/script><\/p><div class=\"wpcf7-response-output\" aria-hidden=\"true\"><\/div>\n<\/form>\n<\/div>\n[\/vc_column][\/vc_row][vc_row][vc_column][vc_column_text][\/vc_column_text][\/vc_column][\/vc_row]<\/p>\n","protected":false},"excerpt":{"rendered":"<p>[vc_row gap=&#8221;20&#8243; css=&#8221;.vc_custom_1528569639754{padding-top: 90px !important;padding-bottom: 80px !important;}&#8221; el_id=&#8221;rs-about&#8221; el_class=&#8221;rs-about3&#8243;][vc_column width=&#8221;1\/2&#8243; el_class=&#8221;about_arch&#8221;][vc_column_text]Zapewnimy Pa\u0144stwu profesjonalne doradztwo poparte blisko 20 letnim do\u015bwiadczeniem zdobytym&#8230;<\/p>\n","protected":false},"author":1,"featured_media":0,"parent":0,"menu_order":0,"comment_status":"closed","ping_status":"closed","template":"page-single.php","meta":{"footnotes":""},"class_list":["post-3478","page","type-page","status-publish","hentry"],"_links":{"self":[{"href":"https:\/\/megaokna.pl\/index.php?rest_route=\/wp\/v2\/pages\/3478","targetHints":{"allow":["GET"]}}],"collection":[{"href":"https:\/\/megaokna.pl\/index.php?rest_route=\/wp\/v2\/pages"}],"about":[{"href":"https:\/\/megaokna.pl\/index.php?rest_route=\/wp\/v2\/types\/page"}],"author":[{"embeddable":true,"href":"https:\/\/megaokna.pl\/index.php?rest_route=\/wp\/v2\/users\/1"}],"replies":[{"embeddable":true,"href":"https:\/\/megaokna.pl\/index.php?rest_route=%2Fwp%2Fv2%2Fcomments&post=3478"}],"version-history":[{"count":35,"href":"https:\/\/megaokna.pl\/index.php?rest_route=\/wp\/v2\/pages\/3478\/revisions"}],"predecessor-version":[{"id":3705,"href":"https:\/\/megaokna.pl\/index.php?rest_route=\/wp\/v2\/pages\/3478\/revisions\/3705"}],"wp:attachment":[{"href":"https:\/\/megaokna.pl\/index.php?rest_route=%2Fwp%2Fv2%2Fmedia&parent=3478"}],"curies":[{"name":"wp","href":"https:\/\/api.w.org\/{rel}","templated":true}]}}